{"id":16975,"date":"2025-04-15T10:04:23","date_gmt":"2025-04-15T10:04:23","guid":{"rendered":"https:\/\/mesanacionaldelovino.com\/?page_id=16975"},"modified":"2025-10-10T09:24:48","modified_gmt":"2025-10-10T09:24:48","slug":"terminos-y-condiciones","status":"publish","type":"page","link":"https:\/\/digitalversion.es\/jeca2026\/terminos-y-condiciones\/","title":{"rendered":"T\u00e9rminos y condiciones"},"content":{"rendered":"\t\t<div data-elementor-type=\"wp-page\" data-elementor-id=\"16975\" class=\"elementor elementor-16975\">\n\t\t\t\t        <section class=\"elementor-section elementor-top-section elementor-element elementor-element-462fbf09 elementor-section-boxed elementor-section-height-default elementor-section-height-default pxl-row-scroll-none pxl-zoom-point-false pxl-section-overflow-visible pxl-section-fix-none pxl-bg-color-none pxl-section-overlay-none\" data-id=\"462fbf09\" data-element_type=\"section\">\n\n                \n                <div class=\"elementor-container elementor-column-gap-default \">\n                <div class=\"elementor-column elementor-col-100 elementor-top-column elementor-element elementor-element-3da6b6b4 pxl-column-none pxl-column-overflow-hidden-no\" data-id=\"3da6b6b4\" data-element_type=\"column\">\r\n        <div class=\"elementor-widget-wrap elementor-element-populated\">\r\n                     \r\n        \t\t<div class=\"elementor-element elementor-element-4645b9b6 elementor-widget elementor-widget-text-editor\" data-id=\"4645b9b6\" data-element_type=\"widget\" data-widget_type=\"text-editor.default\">\n\t\t\t\t<div class=\"elementor-widget-container\">\n\t\t\t\t\t\t\t\t\t<h3>T\u00c9RMINOS Y CONDICIONES<\/h3><p>T\u00e9rminos y Condiciones Generales de los pedidos realizados por internet en https:\/\/digitalversion.es\/jeca2026\/<\/p><p>La relaci\u00f3n contractual de compraventa conlleva la entrega online, a cambio de un precio determinado y p\u00fablicamente expuesto a trav\u00e9s del sitio web, de un producto concreto (entradas para eventos).<\/p><p><strong>ENV\u00cdO Y ENTREGA DE ENTRADAS.<\/strong><\/p><p>El PRESTADOR no facilitar\u00e1 las entradas al USUARIO hasta que haya comprobado que se ha realizado el pago.<\/p><p>El plazo de entrega de las mismas se realizar\u00e1 mediante un email a la direcci\u00f3n facilitada por el usuario, y no a otra cuenta de correo.<\/p><p>El PRESTADOR no asumir\u00e1 ninguna responsabilidad cuando la entrega de las entradas v\u00eda email no llegue a realizarse, por ser los datos facilitados por el USUARIO, falsos, inexactos o incompletos.<\/p><p>Corresponde al USUARIO verificar las entradas a la recepci\u00f3n del email y exponer todas las salvedades y reclamaciones que puedan estar justificadas en el documento de recepci\u00f3n de la entrega.<\/p><p>Tras recibir el email con las entradas, el PRESTADOR informar\u00e1 previamente al USUARIO respecto al procedimiento que debe seguir para realizar esta descarga.<\/p><h3>Pago<\/h3><p>Ser\u00e1n aplicables los precios establecidos en los productos en la fecha en la que se realiza el pedido. Los precios establecidos son los precios finales (total), es decir, incluyen el impuesto sobre el valor a\u00f1adido en Espa\u00f1a al tipo impositivo legal aplicable. Hasta que se realice el pago total del precio de compra<\/p><p><strong>DERECHO DE DESISTIMIENTO Y DEVOLUCIONES<\/strong><\/p><p>El derecho de desistimiento no procede en la compra de entradas (art. 103 RDL 1\/2007, de 16 de noviembre). Al ser una compra de entradas a eventos o espect\u00e1culos a trav\u00e9s de internet, recuerde que no es posible el derecho de desistimiento al tratarse de una excepci\u00f3n. Una vez comprado el art\u00edculo, excepto en los supuestos de cancelaci\u00f3n o modificaci\u00f3n, no podr\u00e1 pedir la devoluci\u00f3n del precio de la entrada.<\/p><p>Cualquier inconveniente del USUARIO deber\u00e1 comunicarse al PRESTADOR, contactando con el mismo por correo electr\u00f3nico a , indicando el n\u00famero pedido correspondiente.<\/p><p>https:\/\/digitalversion.es\/jeca2026\/ podr\u00e1 proceder a cancelar una entrada, y por lo tanto, a devolver su importe, \u00fanicamente cuando el Promotor lo exija por motivos de cancelaci\u00f3n del evento o cambio de fechas. En este caso, se publicar\u00e1n los cambios en la web para informar a los USUARIOS en cuanto tenga conocimiento del cambio. El PRESTADOR enviar\u00e1 un email al USUARIO inform\u00e1ndole de dichos cambios. Si el promotor decide devolver el importe de la entrada, se informar\u00e1 al USUARIO del procedimiento adoptado por el mismo a tal efecto y los pasos a seguir. No se devolver\u00e1n los gastos que haya podido ocasionar el servicio de compra.<\/p><p><strong>RECLAMACIONES Y RESOLUCI\u00d3N DE LITIGIOS EN L\u00cdNEA.<\/strong><\/p><p>Cualquier reclamaci\u00f3n que el USUARIO considere oportuna ser\u00e1 atendida a la mayor brevedad posible, pudi\u00e9ndose realizar en las siguientes direcciones de contacto: Postal: <span lang=\"ES\">Paseo Independencia, 24-26, Planta 2, Oficina 1, 50004 Zaragoza. Email: <\/span><span lang=\"ES\">jeca2026@comunica-t.net<\/span><\/p><p><strong>Reembolsos <\/strong><\/p><p>El reembolso se efectuar\u00e1 a la cuenta utilizada para el pago. Para pagos a cuenta o pagos por adelantado mediante transferencia, el reembolso ser\u00e1 enviado a la cuenta desde la que se realiz\u00f3 el pago.\u00a0<\/p><h3>Atenci\u00f3n al cliente<\/h3><p>Para cualquier pregunta, consulta nuestra secci\u00f3n de Ayuda o contacta con nosotros. Asimismo, te informamos de que la Comisi\u00f3n Europea dispone de una plataforma online para solucionar controversias legales, y que se encuentra disponible en el siguiente enlace: https:\/\/ec.europa.eu\/consumers\/odr\/. Podr\u00e1s presentar reclamaciones a trav\u00e9s de la plataforma online mencionada para solucionar controversias legales.<\/p><p><strong> Responsabilidad legal por defectos e informaci\u00f3n adicional<\/strong>\u00a0<\/p><p>Nuestra responsabilidad por defectos en los productos se rige de acuerdo con las disposiciones legales correspondientes.<\/p><h3>SEGURIDAD<\/h3><p>El sitio web utiliza t\u00e9cnicas de seguridad de la informaci\u00f3n generalmente aceptada en la industria, tales como firewalls, procedimientos de control de acceso y mecanismos criptogr\u00e1ficos, todo ello con el objeto de evitar el acceso no autorizado de datos y el posible robo de los mismos. Para lograr estos fines, el usuario\/cliente acepta que el prestador obtenga datos para efecto de la correspondiente autenticaci\u00f3n de los controles de acceso. Ofrecemos pago 100% seguro.<\/p><p>En https:\/\/digitalversion.es\/jeca2026\/ garantizamos que cada una de las transacciones realizadas es 100% segura. Todas las compras que realices en nuestra web est\u00e1n avaladas por el servidor seguro de la entidad bancaria Banco Santander, de manera que tus datos est\u00e1n protegidos y encriptados por la tecnolog\u00eda m\u00e1s avanzada, por lo cual es mucho m\u00e1s seguro enviar tus datos al Servidor Seguro de los bancos que pagar en una gasolinera, restaurante, etc.\u00a0<\/p><p><strong>\u00bfQu\u00e9 ocurre cuando env\u00edo mis datos a trav\u00e9s de la red?\u00a0<\/strong><\/p><p>Cuando realizas la compra y eliges la forma de pago, en el momento de pinchar sobre el bot\u00f3n de Pago por tarjeta el sitio web conecta con el Servidor Seguro, a partir de ese momento entras a navegar en zona segura e inscribes tus datos bancarios en el Servidor Seguro del banco, que se asegura que la operaci\u00f3n re\u00fane los requisitos de seguridad exigidos y realiza la operaci\u00f3n, tras la cual aparece la confirmaci\u00f3n de la misma y el comprador regresa de nuevo a la tienda.<\/p><p><strong>\u00a0\u00bfPodr\u00eda conocer alguien la clave de encriptaci\u00f3n?\u00a0<\/strong><\/p><p>Cada vez que un usuario se conecta a un Servidor Seguro, \u00e9ste se encarga de generar una clave aleatoria para la sesi\u00f3n que est\u00e1 estableciendo con el usuario, mientras que el navegador del cliente genera otra clave, igualmente aleatoria, que le sirve para identificarse ante el servidor. Si en el momento en que se ha establecido una conexi\u00f3n segura, otros usuarios se conectan al servidor, se vuelven a generar otras nuevas claves para identificar los participantes en la conexi\u00f3n.\u00a0<span style=\"letter-spacing: 0px;\">El Servidor Seguro se encarga de que las claves generadas no coincidan nunca mientras se establecen varias conexiones simult\u00e1neas.\u00a0<\/span><\/p><p><strong>\u00bfC\u00f3mo s\u00e9 que realmente se ha establecido una conexi\u00f3n segura?\u00a0<\/strong><\/p><p>Podr\u00e1s saber si has conectado a un Servidor Seguro si la direcci\u00f3n URL empieza por &#8220;https:\/\/&#8221;. Adem\u00e1s, los navegadores m\u00e1s utilizados lo indican de manera gr\u00e1fica mediante un icono que muestra al usuario si hay o no una conexi\u00f3n segura (por ejemplo, en el caso de Internet Explorer aparece el candado cerrado amarillo).<\/p><p><strong>\u00bfQu\u00e9 protocolo de seguridad se utiliza en las transmisiones?<\/strong><\/p><p>En las conexiones con el Servidor Seguro se utilizan las \u00faltimas especificaciones del protocolo de seguridad standard en la red: SSL.\u00a0<\/p><p><strong>\u00bfQu\u00e9 entidad financiera avala la seguridad en mis transacciones?\u00a0<\/strong><\/p><p>Cuando realizas una compra con una tarjeta de d\u00e9bito o cr\u00e9dito en https:\/\/digitalversion.es\/jeca2026\/ se establece una conexi\u00f3n con el Servidor Seguro de Banco Santander, aporta toda su experiencia e infraestructura tecnol\u00f3gica para dar soporte de manera segura y eficaz a todas las transacciones electr\u00f3nicas de compras que se hagan en https:\/\/digitalversion.es\/jeca2026\/. Cuando llega una petici\u00f3n de pago al Servidor Seguro de Banco Santander, \u00e9ste se encarga de gestionar la autorizaci\u00f3n o denegaci\u00f3n, en tiempo real, del pago de esa compra tras corroborar que todos los datos son correctos para realizar el pago.\u00a0<\/p><p><strong>\u00bfD\u00f3nde puede obtener m\u00e1s informaci\u00f3n?\u00a0<\/strong><\/p><p>Si deseas ampliar informaci\u00f3n sobre temas de seguridad puedes recurrir a la que proporciona Banco Santander en su web, www.bancosantander.es.<\/p><p>D Secure La pasarela de Banco Santander es compatible con los nuevos protocolos de pago seguro en internet introducidos por las marcas Visa y Mastercard. 3D Secure es el sistema de pago m\u00e1s seguro con tarjeta de cr\u00e9dito porque es capaz de autentificar al titular de la tarjeta, garantiza que el cliente que est\u00e1 usando un n\u00famero de tarjeta es realmente el titular de la misma. Esto se realiza mediante una clave secreta que su propio banco le facilitar\u00e1 y que s\u00f3lo conocer\u00e1 usted, en la mayor\u00eda de los casos esta clave se puede solicitar on-line. Para m\u00e1s informaci\u00f3n puede consultar la web de su banco o ponerse en contacto con \u00e9l. Muy importante Nuestra web s\u00f3lo acepta el pago con tarjetas de cr\u00e9dito que est\u00e9n securizadas (3D Secure), por lo que necesitar\u00e1 una clave especial para comprar por internet que deber\u00e1 proporcion\u00e1rsela la entidad financiera emisora de la tarjeta, haciendo menci\u00f3n a la necesidad de tener la clave virtual de 3D Secure. Recomendamos utilizar este sistema 3D Secure, usted se asegura que es el \u00fanico que puede realizar compras con la tarjeta por lo que se hace imposible su uso fraudulento en la red, garantizando la total seguridad de las transacciones.<\/p><p><strong>\u00bfC\u00f3mo protegemos tu pago con tarjeta de cr\u00e9dito?<\/strong>\u00a0<\/p><p>https:\/\/digitalversion.es\/jeca2026\/ utiliza un servidor basado en uno de los sistemas de pago seguro m\u00e1s fiables de Internet: el protocolo de seguridad SSL (Secure Socked Layer). (Si deseas m\u00e1s informaci\u00f3n, visita www.ssl.com). Todos tus datos personales y la informaci\u00f3n que nos transmitas viaja de forma encriptada a trav\u00e9s de la red, y se protegen y codifican antes de enviarse para su procesamiento. Para el pago con Visa y Mastercard s\u00f3lo se aceptar\u00e1n transacciones CES (Comercio Electr\u00f3nico Seguro). Despu\u00e9s de verificar que la tarjeta est\u00e1 adherida al sistema CES, el sistema contactar\u00e1 con el banco que la ha emitido para que el comprador autorice la compra. Una vez que el banco confirme la autenticidad, se efectuar\u00e1 el cargo en la tarjeta. En caso contrario el pedido ser\u00e1 cancelado. La pasarela de pago que utilizamos para tu pago con tarjeta de cr\u00e9dito es de Banco Santander, que encripta tus datos por medio del protocolo SSL 256 bits. Nuestro sistema no almacena ning\u00fan dato bancario de tu tarjeta de cr\u00e9dito, sino que va directamente al TPV Ecommerce (Terminal Punto de Venta) del Banco.\u00a0<\/p><p><strong>\u00bfQu\u00e9 es SSL?<\/strong><\/p><p>Los \u00faltimos avances en tecnolog\u00eda de navegadores y servidores han facilitado el uso de servicios web sin preocupaciones relacionadas con el fraude electr\u00f3nico. Un ejemplo de ello es Secure Sockets Layer (SSL), desarrollado por Netscape, un protocolo de seguridad enviado a la Internet Engineering Task Force (IETF) como borrador de Internet. B\u00e1sicamente, el protocolo permite al navegador y al servidor de una sesi\u00f3n web autenticarse entre s\u00ed y proteger la informaci\u00f3n que, posteriormente, fluir\u00e1 entre ambos puntos. Mediante el uso de t\u00e9cnicas criptogr\u00e1ficas como la codificaci\u00f3n y la firma digital, el protocolo:<\/p><ul><li>Permite a los navegadores y servidores web autenticarse entre s\u00ed.\u00a0<\/li><li>Permite a los propietarios de sitios web controlar el acceso a servidores, directorios, archivos o servicios particulares\u00a0<\/li><li>Permite compartir informaci\u00f3n confidencial (como, por ejemplo, n\u00fameros de tarjetas de cr\u00e9dito) entre el navegador y el servidor, manteni\u00e9ndola inaccesible para terceros.<\/li><li>Permite asegurar que los datos intercambiados por el navegador y el servidor no puedan corromperse, ya sea de forma accidental o deliberada, sin que ello sea detectado.<\/li><\/ul><h3><strong>ASPECTOS GENERALES A TENER EN CUENTA.<\/strong><\/h3><p>Todas las ventas y entregas efectuadas por el PRESTADOR se entender\u00e1n sometidas a las presentes Condiciones.<\/p><p>Tras finalizar el proceso de compra o reserva, recibir\u00e1s un correo electr\u00f3nico con el n\u00famero de pedido y tus datos personales.<br \/>Si no ves el correo en tu bandeja de entrada, revisa la carpeta de SPAM o No deseados. Es posible que est\u00e9 ah\u00ed.<\/p><p>Para acceder al recinto, NO OLVIDES presentar el email de confirmaci\u00f3n con tu entrada para su validaci\u00f3n.<\/p><h3><strong>PRECIO Y PLAZO DE VALIDEZ DE LA OFERTA.<\/strong><\/h3><p>Los precios que se indican respecto de cada producto o servicio incluyen el Impuesto sobre el Valor A\u00f1adido\u00a0 y se le a\u00f1adir\u00e1n los gastos de gesti\u00f3n.<\/p><p>Los precios aplicables a cada producto son los publicados en el sitio web y se expresar\u00e1n en la moneda EURO.<\/p><p>El USUARIO asume que la valoraci\u00f3n econ\u00f3mica de algunos de los productos podr\u00e1 variar en tiempo real.<\/p><p>Antes de realizar la compra podr\u00e1 comprobar en l\u00ednea todos los detalles de la compra: art\u00edculos, cantidades, precio, disponibilidad, gastos de gesti\u00f3n, cargos, descuentos, impuestos y el total de la compra. Los precios pueden cambiar diariamente mientras no se realice el pedido.<\/p><p>Una vez realizado el pedido, los precios se mantendr\u00e1n.<\/p><p><!-- \/wp:paragraph --><\/p>\t\t\t\t\t\t\t\t<\/div>\n\t\t\t\t<\/div>\n\t\t            <\/div>\r\n        <\/div>\r\n        \t\t\t<\/div>\n\t\t<\/section>\n\t\t\t\t<\/div>\n\t\t","protected":false},"excerpt":{"rendered":"<p>T\u00c9RMINOS Y CONDICIONES T\u00e9rminos y Condiciones Generales de los pedidos realizados por internet en https:\/\/digitalversion.es\/jeca2026\/ La relaci\u00f3n contractual de compraventa conlleva la entrega online, a cambio de un precio determinado y p\u00fablicamente expuesto a trav\u00e9s del sitio web, de un producto concreto (entradas para eventos). ENV\u00cdO Y ENTREGA DE ENTRADAS. El PRESTADOR no facilitar\u00e1 las [&hellip;]<\/p>\n","protected":false},"author":1,"featured_media":0,"parent":0,"menu_order":0,"comment_status":"closed","ping_status":"closed","template":"","meta":{"footnotes":""},"class_list":["post-16975","page","type-page","status-publish","hentry"],"yoast_head":"<!-- This site is optimized with the Yoast SEO plugin v26.7 - https:\/\/yoast.com\/wordpress\/plugins\/seo\/ -->\n<title>T\u00e9rminos y condiciones - Jeca 2026<\/title>\n<meta name=\"robots\" content=\"index, follow, max-snippet:-1, max-image-preview:large, max-video-preview:-1\" \/>\n<link rel=\"canonical\" href=\"https:\/\/digitalversion.es\/jeca2026\/terminos-y-condiciones\/\" \/>\n<meta property=\"og:locale\" content=\"es_ES\" \/>\n<meta property=\"og:type\" content=\"article\" \/>\n<meta property=\"og:title\" content=\"T\u00e9rminos y condiciones - Jeca 2026\" \/>\n<meta property=\"og:description\" content=\"T\u00c9RMINOS Y CONDICIONES T\u00e9rminos y Condiciones Generales de los pedidos realizados por internet en https:\/\/digitalversion.es\/jeca2026\/ La relaci\u00f3n contractual de compraventa conlleva la entrega online, a cambio de un precio determinado y p\u00fablicamente expuesto a trav\u00e9s del sitio web, de un producto concreto (entradas para eventos). ENV\u00cdO Y ENTREGA DE ENTRADAS. El PRESTADOR no facilitar\u00e1 las [&hellip;]\" \/>\n<meta property=\"og:url\" content=\"https:\/\/digitalversion.es\/jeca2026\/terminos-y-condiciones\/\" \/>\n<meta property=\"og:site_name\" content=\"Jeca 2026\" \/>\n<meta property=\"article:modified_time\" content=\"2025-10-10T09:24:48+00:00\" \/>\n<meta property=\"og:image\" content=\"https:\/\/digitalversion.es\/jeca2026\/wp-content\/uploads\/2025\/10\/huesca-congresos_327-2.jpg\" \/>\n\t<meta property=\"og:image:width\" content=\"1120\" \/>\n\t<meta property=\"og:image:height\" content=\"840\" \/>\n\t<meta property=\"og:image:type\" content=\"image\/jpeg\" \/>\n<meta name=\"twitter:card\" content=\"summary_large_image\" \/>\n<meta name=\"twitter:label1\" content=\"Tiempo de lectura\" \/>\n\t<meta name=\"twitter:data1\" content=\"9 minutos\" \/>\n<script type=\"application\/ld+json\" class=\"yoast-schema-graph\">{\"@context\":\"https:\/\/schema.org\",\"@graph\":[{\"@type\":\"WebPage\",\"@id\":\"https:\/\/digitalversion.es\/jeca2026\/terminos-y-condiciones\/\",\"url\":\"https:\/\/digitalversion.es\/jeca2026\/terminos-y-condiciones\/\",\"name\":\"T\u00e9rminos y condiciones - Jeca 2026\",\"isPartOf\":{\"@id\":\"https:\/\/digitalversion.es\/jeca2026\/#website\"},\"datePublished\":\"2025-04-15T10:04:23+00:00\",\"dateModified\":\"2025-10-10T09:24:48+00:00\",\"breadcrumb\":{\"@id\":\"https:\/\/digitalversion.es\/jeca2026\/terminos-y-condiciones\/#breadcrumb\"},\"inLanguage\":\"es\",\"potentialAction\":[{\"@type\":\"ReadAction\",\"target\":[\"https:\/\/digitalversion.es\/jeca2026\/terminos-y-condiciones\/\"]}]},{\"@type\":\"BreadcrumbList\",\"@id\":\"https:\/\/digitalversion.es\/jeca2026\/terminos-y-condiciones\/#breadcrumb\",\"itemListElement\":[{\"@type\":\"ListItem\",\"position\":1,\"name\":\"Portada\",\"item\":\"https:\/\/digitalversion.es\/jeca2026\/\"},{\"@type\":\"ListItem\",\"position\":2,\"name\":\"T\u00e9rminos y condiciones\"}]},{\"@type\":\"WebSite\",\"@id\":\"https:\/\/digitalversion.es\/jeca2026\/#website\",\"url\":\"https:\/\/digitalversion.es\/jeca2026\/\",\"name\":\"Jeca 2026\",\"description\":\"IV Jornada Espa\u00f1ola del cultivo de la alfalfa\",\"publisher\":{\"@id\":\"https:\/\/digitalversion.es\/jeca2026\/#organization\"},\"alternateName\":\"IV Jornada Espa\u00f1ola del cultivo de la alfalfa - AEFA\",\"potentialAction\":[{\"@type\":\"SearchAction\",\"target\":{\"@type\":\"EntryPoint\",\"urlTemplate\":\"https:\/\/digitalversion.es\/jeca2026\/?s={search_term_string}\"},\"query-input\":{\"@type\":\"PropertyValueSpecification\",\"valueRequired\":true,\"valueName\":\"search_term_string\"}}],\"inLanguage\":\"es\"},{\"@type\":\"Organization\",\"@id\":\"https:\/\/digitalversion.es\/jeca2026\/#organization\",\"name\":\"IV Jornada Espa\u00f1ola del cultivo de la alfalfa\",\"alternateName\":\"AEFA\",\"url\":\"https:\/\/digitalversion.es\/jeca2026\/\",\"logo\":{\"@type\":\"ImageObject\",\"inLanguage\":\"es\",\"@id\":\"https:\/\/digitalversion.es\/jeca2026\/#\/schema\/logo\/image\/\",\"url\":\"https:\/\/digitalversion.es\/jeca2026\/wp-content\/uploads\/2025\/10\/logo-JECA_2026-verde.png\",\"contentUrl\":\"https:\/\/digitalversion.es\/jeca2026\/wp-content\/uploads\/2025\/10\/logo-JECA_2026-verde.png\",\"width\":1000,\"height\":385,\"caption\":\"IV Jornada Espa\u00f1ola del cultivo de la alfalfa\"},\"image\":{\"@id\":\"https:\/\/digitalversion.es\/jeca2026\/#\/schema\/logo\/image\/\"}}]}<\/script>\n<!-- \/ Yoast SEO plugin. -->","yoast_head_json":{"title":"T\u00e9rminos y condiciones - Jeca 2026","robots":{"index":"index","follow":"follow","max-snippet":"max-snippet:-1","max-image-preview":"max-image-preview:large","max-video-preview":"max-video-preview:-1"},"canonical":"https:\/\/digitalversion.es\/jeca2026\/terminos-y-condiciones\/","og_locale":"es_ES","og_type":"article","og_title":"T\u00e9rminos y condiciones - Jeca 2026","og_description":"T\u00c9RMINOS Y CONDICIONES T\u00e9rminos y Condiciones Generales de los pedidos realizados por internet en https:\/\/digitalversion.es\/jeca2026\/ La relaci\u00f3n contractual de compraventa conlleva la entrega online, a cambio de un precio determinado y p\u00fablicamente expuesto a trav\u00e9s del sitio web, de un producto concreto (entradas para eventos). ENV\u00cdO Y ENTREGA DE ENTRADAS. El PRESTADOR no facilitar\u00e1 las [&hellip;]","og_url":"https:\/\/digitalversion.es\/jeca2026\/terminos-y-condiciones\/","og_site_name":"Jeca 2026","article_modified_time":"2025-10-10T09:24:48+00:00","og_image":[{"width":1120,"height":840,"url":"https:\/\/digitalversion.es\/jeca2026\/wp-content\/uploads\/2025\/10\/huesca-congresos_327-2.jpg","type":"image\/jpeg"}],"twitter_card":"summary_large_image","twitter_misc":{"Tiempo de lectura":"9 minutos"},"schema":{"@context":"https:\/\/schema.org","@graph":[{"@type":"WebPage","@id":"https:\/\/digitalversion.es\/jeca2026\/terminos-y-condiciones\/","url":"https:\/\/digitalversion.es\/jeca2026\/terminos-y-condiciones\/","name":"T\u00e9rminos y condiciones - Jeca 2026","isPartOf":{"@id":"https:\/\/digitalversion.es\/jeca2026\/#website"},"datePublished":"2025-04-15T10:04:23+00:00","dateModified":"2025-10-10T09:24:48+00:00","breadcrumb":{"@id":"https:\/\/digitalversion.es\/jeca2026\/terminos-y-condiciones\/#breadcrumb"},"inLanguage":"es","potentialAction":[{"@type":"ReadAction","target":["https:\/\/digitalversion.es\/jeca2026\/terminos-y-condiciones\/"]}]},{"@type":"BreadcrumbList","@id":"https:\/\/digitalversion.es\/jeca2026\/terminos-y-condiciones\/#breadcrumb","itemListElement":[{"@type":"ListItem","position":1,"name":"Portada","item":"https:\/\/digitalversion.es\/jeca2026\/"},{"@type":"ListItem","position":2,"name":"T\u00e9rminos y condiciones"}]},{"@type":"WebSite","@id":"https:\/\/digitalversion.es\/jeca2026\/#website","url":"https:\/\/digitalversion.es\/jeca2026\/","name":"Jeca 2026","description":"IV Jornada Espa\u00f1ola del cultivo de la alfalfa","publisher":{"@id":"https:\/\/digitalversion.es\/jeca2026\/#organization"},"alternateName":"IV Jornada Espa\u00f1ola del cultivo de la alfalfa - AEFA","potentialAction":[{"@type":"SearchAction","target":{"@type":"EntryPoint","urlTemplate":"https:\/\/digitalversion.es\/jeca2026\/?s={search_term_string}"},"query-input":{"@type":"PropertyValueSpecification","valueRequired":true,"valueName":"search_term_string"}}],"inLanguage":"es"},{"@type":"Organization","@id":"https:\/\/digitalversion.es\/jeca2026\/#organization","name":"IV Jornada Espa\u00f1ola del cultivo de la alfalfa","alternateName":"AEFA","url":"https:\/\/digitalversion.es\/jeca2026\/","logo":{"@type":"ImageObject","inLanguage":"es","@id":"https:\/\/digitalversion.es\/jeca2026\/#\/schema\/logo\/image\/","url":"https:\/\/digitalversion.es\/jeca2026\/wp-content\/uploads\/2025\/10\/logo-JECA_2026-verde.png","contentUrl":"https:\/\/digitalversion.es\/jeca2026\/wp-content\/uploads\/2025\/10\/logo-JECA_2026-verde.png","width":1000,"height":385,"caption":"IV Jornada Espa\u00f1ola del cultivo de la alfalfa"},"image":{"@id":"https:\/\/digitalversion.es\/jeca2026\/#\/schema\/logo\/image\/"}}]}},"_links":{"self":[{"href":"https:\/\/digitalversion.es\/jeca2026\/wp-json\/wp\/v2\/pages\/16975","targetHints":{"allow":["GET"]}}],"collection":[{"href":"https:\/\/digitalversion.es\/jeca2026\/wp-json\/wp\/v2\/pages"}],"about":[{"href":"https:\/\/digitalversion.es\/jeca2026\/wp-json\/wp\/v2\/types\/page"}],"author":[{"embeddable":true,"href":"https:\/\/digitalversion.es\/jeca2026\/wp-json\/wp\/v2\/users\/1"}],"replies":[{"embeddable":true,"href":"https:\/\/digitalversion.es\/jeca2026\/wp-json\/wp\/v2\/comments?post=16975"}],"version-history":[{"count":40,"href":"https:\/\/digitalversion.es\/jeca2026\/wp-json\/wp\/v2\/pages\/16975\/revisions"}],"predecessor-version":[{"id":18209,"href":"https:\/\/digitalversion.es\/jeca2026\/wp-json\/wp\/v2\/pages\/16975\/revisions\/18209"}],"wp:attachment":[{"href":"https:\/\/digitalversion.es\/jeca2026\/wp-json\/wp\/v2\/media?parent=16975"}],"curies":[{"name":"wp","href":"https:\/\/api.w.org\/{rel}","templated":true}]}}